{"id":738,"date":"2025-12-27T14:41:59","date_gmt":"2025-12-27T14:41:59","guid":{"rendered":"https:\/\/slateblue-salmon-923317.hostingersite.com\/?page_id=738"},"modified":"2026-03-12T03:03:34","modified_gmt":"2026-03-12T03:03:34","slug":"datenschutzbestimmungen","status":"publish","type":"page","link":"https:\/\/zeroiptv.de\/de\/datenschutzbestimmungen\/","title":{"rendered":"Datenschutzbestimmungen"},"content":{"rendered":"<style>.elementor-738 .elementor-element.elementor-element-f422dcd{--display:flex;}.elementor-738 .elementor-element.elementor-element-fa83c82{text-align:center;margin:212px 0px calc(var(--kit-widget-spacing, 0px) + 0px) 0px;}.elementor-738 .elementor-element.elementor-element-1cd2bbd{--display:flex;}.elementor-738 .elementor-element.elementor-element-32d4a85{margin:45px 0px calc(var(--kit-widget-spacing, 0px) + 0px) 0px;}<\/style>\t\t<div data-elementor-type=\"wp-page\" data-elementor-id=\"738\" class=\"elementor elementor-738\">\n\t\t\t\t<div class=\"elementor-element elementor-element-f422dcd e-flex e-con-boxed e-con e-parent\" data-id=\"f422dcd\" data-element_type=\"container\" data-e-type=\"container\">\n\t\t\t\t\t<div class=\"e-con-inner\">\n\t\t\t\t<div class=\"elementor-element elementor-element-fa83c82 elementor-widget elementor-widget-heading\" data-id=\"fa83c82\" data-element_type=\"widget\" data-e-type=\"widget\" data-widget_type=\"heading.default\">\n\t\t\t\t\t<h2 class=\"elementor-heading-title elementor-size-default\">Datenschutzbestimmungen<\/h2>\t\t\t\t<\/div>\n\t\t\t\t\t<\/div>\n\t\t\t\t<\/div>\n\t\t<div class=\"elementor-element elementor-element-1cd2bbd e-flex e-con-boxed e-con e-parent\" data-id=\"1cd2bbd\" data-element_type=\"container\" data-e-type=\"container\">\n\t\t\t\t\t<div class=\"e-con-inner\">\n\t\t\t\t<div class=\"elementor-element elementor-element-32d4a85 elementor-widget elementor-widget-text-editor\" data-id=\"32d4a85\" data-element_type=\"widget\" data-e-type=\"widget\" data-widget_type=\"text-editor.default\">\n\t\t\t\t\t\t\t\t\t<p class=\"\" data-start=\"267\" data-end=\"505\">Willkommen bei <strong>ZeroIPTV <\/strong>, Wir sch\u00e4tzen Ihre Privatsph\u00e4re und verpflichten uns, Ihre pers\u00f6nlichen Daten zu sch\u00fctzen. In dieser Datenschutzerkl\u00e4rung wird erl\u00e4utert, wie wir Ihre Daten erfassen, verwenden und sch\u00fctzen, wenn Sie unsere Website besuchen und unsere Dienste nutzen.<\/p><hr class=\"\" data-start=\"507\" data-end=\"510\" \/><h3 class=\"\" data-start=\"512\" data-end=\"545\"><strong data-start=\"516\" data-end=\"545\">1. Informationen, die wir sammeln<\/strong><\/h3><p class=\"\" data-start=\"547\" data-end=\"588\">Wir k\u00f6nnen die folgenden Informationen sammeln:<\/p><ul data-start=\"590\" data-end=\"842\"><li class=\"\" data-start=\"590\" data-end=\"691\"><p class=\"\" data-start=\"592\" data-end=\"691\"><strong data-start=\"592\" data-end=\"616\">Pers\u00f6nliche Informationen<\/strong>: Name, E-Mail-Adresse, Zahlungsdaten (\u00fcber sichere Drittanbieter).<\/p><\/li><li class=\"\" data-start=\"692\" data-end=\"759\"><p class=\"\" data-start=\"694\" data-end=\"759\"><strong data-start=\"694\" data-end=\"712\">Technische Daten<\/strong>: IP-Adresse<\/p><\/li><li class=\"\" data-start=\"760\" data-end=\"842\"><p class=\"\" data-start=\"762\" data-end=\"842\"><strong data-start=\"762\" data-end=\"776\">Verwendungsdaten<\/strong>: Besuchte Seiten, Verweildauer, Klicks und Interaktionen auf unserer Website.<\/p><\/li><\/ul><hr class=\"\" data-start=\"844\" data-end=\"847\" \/><h3 class=\"\" data-start=\"849\" data-end=\"887\"><strong data-start=\"853\" data-end=\"887\">2. Wie wir Ihre Informationen verwenden<\/strong><\/h3><p class=\"\" data-start=\"889\" data-end=\"909\">Wir verwenden Ihre Daten, um:<\/p><ul data-start=\"911\" data-end=\"1109\"><li class=\"\" data-start=\"911\" data-end=\"951\"><p class=\"\" data-start=\"913\" data-end=\"951\">Bereitstellung und Verwaltung von Abonnements.<\/p><\/li><li class=\"\" data-start=\"952\" data-end=\"1020\"><p class=\"\" data-start=\"954\" data-end=\"1020\">Senden Sie kontobezogene E-Mails (z. B. Anmeldeinformationen, Rechnungen, Support).<\/p><\/li><li class=\"\" data-start=\"1021\" data-end=\"1064\"><p class=\"\" data-start=\"1023\" data-end=\"1064\">Verbesserung unserer Dienstleistungen und der Website-Erfahrung.<\/p><\/li><li class=\"\" data-start=\"1065\" data-end=\"1109\"><p class=\"\" data-start=\"1067\" data-end=\"1109\">Beantwortung von Anfragen und Supportanfragen.<\/p><\/li><\/ul><p class=\"\" data-start=\"1111\" data-end=\"1207\">Wir\u00a0<strong data-start=\"1114\" data-end=\"1129\">nicht verkaufen<\/strong>\u00a0oder Ihre pers\u00f6nlichen Daten zu Marketingzwecken an Dritte weitergeben.<\/p><hr class=\"\" data-start=\"1209\" data-end=\"1212\" \/><h3 class=\"\" data-start=\"1214\" data-end=\"1243\"><strong data-start=\"1218\" data-end=\"1243\">3. Zahlungsabwicklung<\/strong><\/h3><p class=\"\" data-start=\"1245\" data-end=\"1420\">Alle Zahlungen werden sicher \u00fcber vertrauensw\u00fcrdige Drittanbieter abgewickelt (z. B. PayPal, Stripe, Krypto-Dienste). Wir tun\u00a0<strong data-start=\"1362\" data-end=\"1404\">keine Zahlungskarteninformationen speichern<\/strong>\u00a0auf unseren Servern.<\/p><hr class=\"\" data-start=\"1422\" data-end=\"1425\" \/><h3 class=\"\" data-start=\"1427\" data-end=\"1471\"><strong data-start=\"1431\" data-end=\"1471\">4. Cookies und Tracking-Technologien<\/strong><\/h3><p class=\"\" data-start=\"1473\" data-end=\"1491\">Wir verwenden Cookies um:<\/p><ul data-start=\"1493\" data-end=\"1585\"><li class=\"\" data-start=\"1493\" data-end=\"1524\"><p class=\"\" data-start=\"1495\" data-end=\"1524\">Aktivieren Sie die Funktionalit\u00e4t der Website.<\/p><\/li><li class=\"\" data-start=\"1525\" data-end=\"1553\"><p class=\"\" data-start=\"1527\" data-end=\"1553\">Denken Sie an Ihre Vorlieben.<\/p><\/li><li class=\"\" data-start=\"1554\" data-end=\"1585\"><p class=\"\" data-start=\"1556\" data-end=\"1585\">Verfolgen und analysieren Sie die Nutzung der Website.<\/p><\/li><\/ul><p class=\"\" data-start=\"1587\" data-end=\"1664\">Sie k\u00f6nnen Cookies jederzeit \u00fcber Ihre Browsereinstellungen kontrollieren oder deaktivieren.<\/p><hr class=\"\" data-start=\"1666\" data-end=\"1669\" \/><h3 class=\"\" data-start=\"1671\" data-end=\"1696\"><strong data-start=\"1675\" data-end=\"1696\">5. Vorratsdatenspeicherung<\/strong><\/h3><p class=\"\" data-start=\"1698\" data-end=\"1799\">Wir bewahren Ihre personenbezogenen Daten nur so lange auf, wie es f\u00fcr rechtliche, gesch\u00e4ftliche und betriebliche Zwecke erforderlich ist.<\/p><hr class=\"\" data-start=\"1801\" data-end=\"1804\" \/><h3 class=\"\" data-start=\"1806\" data-end=\"1828\"><strong data-start=\"1810\" data-end=\"1828\">6. Deine Rechte<\/strong><\/h3><p class=\"\" data-start=\"1830\" data-end=\"1884\">Je nach Ihrem Wohnort haben Sie m\u00f6glicherweise das Recht darauf:<\/p><ul data-start=\"1886\" data-end=\"2008\"><li class=\"\" data-start=\"1886\" data-end=\"1922\"><p class=\"\" data-start=\"1888\" data-end=\"1922\">Zugang zu den Daten, die wir \u00fcber Sie gespeichert haben.<\/p><\/li><li class=\"\" data-start=\"1923\" data-end=\"1956\"><p class=\"\" data-start=\"1925\" data-end=\"1956\">Antrag auf Berichtigung oder L\u00f6schung.<\/p><\/li><li class=\"\" data-start=\"1957\" data-end=\"2008\"><p class=\"\" data-start=\"1959\" data-end=\"2008\">die Zustimmung zur Datennutzung zu widerrufen (falls zutreffend).<\/p><\/li><\/ul><p class=\"\" data-start=\"2010\" data-end=\"2076\">Um eine solche Anfrage zu stellen, kontaktieren Sie uns bitte unter support@<strong>ZeroIPTV.de<\/strong>.<\/p><hr class=\"\" data-start=\"2078\" data-end=\"2081\" \/><h3 class=\"\" data-start=\"2083\" data-end=\"2111\"><strong data-start=\"2087\" data-end=\"2111\">7. Links von Drittanbietern<\/strong><\/h3><p class=\"\" data-start=\"2113\" data-end=\"2256\">Unsere Website kann Links zu Websites oder Anwendungen Dritter enthalten. Wir sind nicht verantwortlich f\u00fcr den Inhalt oder die Datenschutzpraktiken dieser Websites.<\/p><hr class=\"\" data-start=\"2258\" data-end=\"2261\" \/><h3 class=\"\" data-start=\"2263\" data-end=\"2292\"><strong data-start=\"2267\" data-end=\"2292\">8. Privatsph\u00e4re der Kinder<\/strong><\/h3><p class=\"\" data-start=\"2294\" data-end=\"2415\">Unsere Dienstleistungen sind\u00a0<strong data-start=\"2311\" data-end=\"2357\">nicht f\u00fcr Benutzer unter 18 Jahren bestimmt<\/strong>. Wir sammeln nicht wissentlich personenbezogene Daten von Kindern.<\/p><hr class=\"\" data-start=\"2417\" data-end=\"2420\" \/><h3 class=\"\" data-start=\"2422\" data-end=\"2455\"><strong data-start=\"2426\" data-end=\"2455\">9. \u00c4nderungen an dieser Politik<\/strong><\/h3><p class=\"\" data-start=\"2457\" data-end=\"2580\">Wir k\u00f6nnen diese Datenschutzrichtlinie jederzeit aktualisieren. Alle \u00c4nderungen werden auf dieser Seite mit einem aktualisierten \u201cZuletzt aktualisiert\u201d-Datum ver\u00f6ffentlicht.<\/p><hr class=\"\" data-start=\"2582\" data-end=\"2585\" \/><h3 class=\"\" data-start=\"2587\" data-end=\"2609\"><strong data-start=\"2591\" data-end=\"2609\">10. Kontakt<\/strong><\/h3><p class=\"\" data-start=\"2611\" data-end=\"2696\">Wenn Sie Fragen oder Bedenken zu dieser Datenschutzrichtlinie haben, k\u00f6nnen Sie uns gerne kontaktieren:<\/p><p class=\"\" data-start=\"2698\" data-end=\"2756\"><strong data-start=\"2701\" data-end=\"2711\">E-Mail:<\/strong> Unterst\u00fctzung@i<strong>ZeroIPTV.de<\/strong><br data-start=\"2724\" data-end=\"2727\" \/><strong data-start=\"2730\" data-end=\"2742\">Website:<\/strong> <a href=\"https:\/\/zeroiptv.de\/de\/\"><strong>ZeroIPTV.de<\/strong><\/a><\/p>\t\t\t\t\t\t\t\t<\/div>\n\t\t\t\t\t<\/div>\n\t\t\t\t<\/div>\n\t\t\t\t<\/div>","protected":false},"excerpt":{"rendered":"<p>Privacy Policy Welcome to ZeroIPTV , We value your privacy and are committed to protecting your personal information. This Privacy Policy explains how we collect, use, and protect your data when you visit our website and use our services. 1. Information We Collect We may collect the following information: Personal Information: Name, email address, payment [&hellip;]<\/p>\n","protected":false},"author":2,"featured_media":0,"parent":0,"menu_order":0,"comment_status":"closed","ping_status":"closed","template":"","meta":{"two_page_speed":[],"footnotes":""},"class_list":["post-738","page","type-page","status-publish","hentry"],"_links":{"self":[{"href":"https:\/\/zeroiptv.de\/de\/wp-json\/wp\/v2\/pages\/738","targetHints":{"allow":["GET"]}}],"collection":[{"href":"https:\/\/zeroiptv.de\/de\/wp-json\/wp\/v2\/pages"}],"about":[{"href":"https:\/\/zeroiptv.de\/de\/wp-json\/wp\/v2\/types\/page"}],"author":[{"embeddable":true,"href":"https:\/\/zeroiptv.de\/de\/wp-json\/wp\/v2\/users\/2"}],"replies":[{"embeddable":true,"href":"https:\/\/zeroiptv.de\/de\/wp-json\/wp\/v2\/comments?post=738"}],"version-history":[{"count":3,"href":"https:\/\/zeroiptv.de\/de\/wp-json\/wp\/v2\/pages\/738\/revisions"}],"predecessor-version":[{"id":2079,"href":"https:\/\/zeroiptv.de\/de\/wp-json\/wp\/v2\/pages\/738\/revisions\/2079"}],"wp:attachment":[{"href":"https:\/\/zeroiptv.de\/de\/wp-json\/wp\/v2\/media?parent=738"}],"curies":[{"name":"wp","href":"https:\/\/api.w.org\/{rel}","templated":true}]}}