{"id":738,"date":"2025-12-27T14:41:59","date_gmt":"2025-12-27T14:41:59","guid":{"rendered":"https:\/\/slateblue-salmon-923317.hostingersite.com\/?page_id=738"},"modified":"2026-03-12T03:03:34","modified_gmt":"2026-03-12T03:03:34","slug":"politica-de-privacidade","status":"publish","type":"page","link":"https:\/\/zeroiptv.de\/pt\/politica-de-privacidade\/","title":{"rendered":"Pol\u00edtica de privacidade"},"content":{"rendered":"<style>.elementor-738 .elementor-element.elementor-element-f422dcd{--display:flex;}.elementor-738 .elementor-element.elementor-element-fa83c82{text-align:center;margin:212px 0px calc(var(--kit-widget-spacing, 0px) + 0px) 0px;}.elementor-738 .elementor-element.elementor-element-1cd2bbd{--display:flex;}.elementor-738 .elementor-element.elementor-element-32d4a85{margin:45px 0px calc(var(--kit-widget-spacing, 0px) + 0px) 0px;}<\/style>\t\t<div data-elementor-type=\"wp-page\" data-elementor-id=\"738\" class=\"elementor elementor-738\">\n\t\t\t\t<div class=\"elementor-element elementor-element-f422dcd e-flex e-con-boxed e-con e-parent\" data-id=\"f422dcd\" data-element_type=\"container\" data-e-type=\"container\">\n\t\t\t\t\t<div class=\"e-con-inner\">\n\t\t\t\t<div class=\"elementor-element elementor-element-fa83c82 elementor-widget elementor-widget-heading\" data-id=\"fa83c82\" data-element_type=\"widget\" data-e-type=\"widget\" data-widget_type=\"heading.default\">\n\t\t\t\t\t<h2 class=\"elementor-heading-title elementor-size-default\">Pol\u00edtica de privacidade<\/h2>\t\t\t\t<\/div>\n\t\t\t\t\t<\/div>\n\t\t\t\t<\/div>\n\t\t<div class=\"elementor-element elementor-element-1cd2bbd e-flex e-con-boxed e-con e-parent\" data-id=\"1cd2bbd\" data-element_type=\"container\" data-e-type=\"container\">\n\t\t\t\t\t<div class=\"e-con-inner\">\n\t\t\t\t<div class=\"elementor-element elementor-element-32d4a85 elementor-widget elementor-widget-text-editor\" data-id=\"32d4a85\" data-element_type=\"widget\" data-e-type=\"widget\" data-widget_type=\"text-editor.default\">\n\t\t\t\t\t\t\t\t\t<p class=\"\" data-start=\"267\" data-end=\"505\">Bem-vindo ao <strong>ZeroIPTV <\/strong>, Valorizamos a sua privacidade e estamos empenhados em proteger as suas informa\u00e7\u00f5es pessoais. Esta Pol\u00edtica de Privacidade explica como recolhemos, utilizamos e protegemos os seus dados quando visita o nosso s\u00edtio Web e utiliza os nossos servi\u00e7os.<\/p><hr class=\"\" data-start=\"507\" data-end=\"510\" \/><h3 class=\"\" data-start=\"512\" data-end=\"545\"><strong data-start=\"516\" data-end=\"545\">1. Informa\u00e7\u00f5es que recolhemos<\/strong><\/h3><p class=\"\" data-start=\"547\" data-end=\"588\">Podemos recolher as seguintes informa\u00e7\u00f5es:<\/p><ul data-start=\"590\" data-end=\"842\"><li class=\"\" data-start=\"590\" data-end=\"691\"><p class=\"\" data-start=\"592\" data-end=\"691\"><strong data-start=\"592\" data-end=\"616\">Informa\u00e7\u00f5es pessoais<\/strong>: Nome, endere\u00e7o eletr\u00f3nico, dados de pagamento (atrav\u00e9s de processadores terceiros seguros).<\/p><\/li><li class=\"\" data-start=\"692\" data-end=\"759\"><p class=\"\" data-start=\"694\" data-end=\"759\"><strong data-start=\"694\" data-end=\"712\">Dados t\u00e9cnicos<\/strong>: Endere\u00e7o IP<\/p><\/li><li class=\"\" data-start=\"760\" data-end=\"842\"><p class=\"\" data-start=\"762\" data-end=\"842\"><strong data-start=\"762\" data-end=\"776\">Dados de utiliza\u00e7\u00e3o<\/strong>: P\u00e1ginas visitadas, tempo despendido, cliques e intera\u00e7\u00f5es no nosso s\u00edtio.<\/p><\/li><\/ul><hr class=\"\" data-start=\"844\" data-end=\"847\" \/><h3 class=\"\" data-start=\"849\" data-end=\"887\"><strong data-start=\"853\" data-end=\"887\">2. Como utilizamos as suas informa\u00e7\u00f5es<\/strong><\/h3><p class=\"\" data-start=\"889\" data-end=\"909\">Utilizamos os seus dados para:<\/p><ul data-start=\"911\" data-end=\"1109\"><li class=\"\" data-start=\"911\" data-end=\"951\"><p class=\"\" data-start=\"913\" data-end=\"951\">Fornecer e gerir subscri\u00e7\u00f5es.<\/p><\/li><li class=\"\" data-start=\"952\" data-end=\"1020\"><p class=\"\" data-start=\"954\" data-end=\"1020\">Enviar mensagens de correio eletr\u00f3nico relacionadas com a conta (por exemplo, informa\u00e7\u00f5es de in\u00edcio de sess\u00e3o, facturas, apoio).<\/p><\/li><li class=\"\" data-start=\"1021\" data-end=\"1064\"><p class=\"\" data-start=\"1023\" data-end=\"1064\">Melhorar os nossos servi\u00e7os e a experi\u00eancia no s\u00edtio.<\/p><\/li><li class=\"\" data-start=\"1065\" data-end=\"1109\"><p class=\"\" data-start=\"1067\" data-end=\"1109\">Responder a inqu\u00e9ritos e pedidos de apoio.<\/p><\/li><\/ul><p class=\"\" data-start=\"1111\" data-end=\"1207\">N\u00f3s\u00a0<strong data-start=\"1114\" data-end=\"1129\">n\u00e3o vender<\/strong>\u00a0ou partilhar as suas informa\u00e7\u00f5es pessoais com terceiros para fins de marketing.<\/p><hr class=\"\" data-start=\"1209\" data-end=\"1212\" \/><h3 class=\"\" data-start=\"1214\" data-end=\"1243\"><strong data-start=\"1218\" data-end=\"1243\">3. Processamento de pagamentos<\/strong><\/h3><p class=\"\" data-start=\"1245\" data-end=\"1420\">Todos os pagamentos s\u00e3o processados de forma segura atrav\u00e9s de fornecedores terceiros de confian\u00e7a (por exemplo, PayPal, Stripe, servi\u00e7os Crypto). N\u00f3s fazemos\u00a0<strong data-start=\"1362\" data-end=\"1404\">n\u00e3o armazenar quaisquer informa\u00e7\u00f5es sobre cart\u00f5es de pagamento<\/strong>\u00a0nos nossos servidores.<\/p><hr class=\"\" data-start=\"1422\" data-end=\"1425\" \/><h3 class=\"\" data-start=\"1427\" data-end=\"1471\"><strong data-start=\"1431\" data-end=\"1471\">4. Cookies e tecnologias de rastreio<\/strong><\/h3><p class=\"\" data-start=\"1473\" data-end=\"1491\">Utilizamos cookies para:<\/p><ul data-start=\"1493\" data-end=\"1585\"><li class=\"\" data-start=\"1493\" data-end=\"1524\"><p class=\"\" data-start=\"1495\" data-end=\"1524\">Ativar a funcionalidade do s\u00edtio Web.<\/p><\/li><li class=\"\" data-start=\"1525\" data-end=\"1553\"><p class=\"\" data-start=\"1527\" data-end=\"1553\">Lembre-se das suas prefer\u00eancias.<\/p><\/li><li class=\"\" data-start=\"1554\" data-end=\"1585\"><p class=\"\" data-start=\"1556\" data-end=\"1585\">Acompanhar e analisar a utiliza\u00e7\u00e3o do s\u00edtio.<\/p><\/li><\/ul><p class=\"\" data-start=\"1587\" data-end=\"1664\">O utilizador pode controlar ou desativar os cookies atrav\u00e9s das defini\u00e7\u00f5es do seu browser em qualquer altura.<\/p><hr class=\"\" data-start=\"1666\" data-end=\"1669\" \/><h3 class=\"\" data-start=\"1671\" data-end=\"1696\"><strong data-start=\"1675\" data-end=\"1696\">5. Reten\u00e7\u00e3o de dados<\/strong><\/h3><p class=\"\" data-start=\"1698\" data-end=\"1799\">Conservamos os seus dados pessoais apenas durante o tempo necess\u00e1rio para fins legais, comerciais e operacionais.<\/p><hr class=\"\" data-start=\"1801\" data-end=\"1804\" \/><h3 class=\"\" data-start=\"1806\" data-end=\"1828\"><strong data-start=\"1810\" data-end=\"1828\">6. Os seus direitos<\/strong><\/h3><p class=\"\" data-start=\"1830\" data-end=\"1884\">Dependendo da sua localiza\u00e7\u00e3o, pode ter direito a:<\/p><ul data-start=\"1886\" data-end=\"2008\"><li class=\"\" data-start=\"1886\" data-end=\"1922\"><p class=\"\" data-start=\"1888\" data-end=\"1922\">Aceder aos dados que temos sobre si.<\/p><\/li><li class=\"\" data-start=\"1923\" data-end=\"1956\"><p class=\"\" data-start=\"1925\" data-end=\"1956\">Solicitar corre\u00e7\u00e3o ou elimina\u00e7\u00e3o.<\/p><\/li><li class=\"\" data-start=\"1957\" data-end=\"2008\"><p class=\"\" data-start=\"1959\" data-end=\"2008\">Retirar o consentimento para a utiliza\u00e7\u00e3o dos dados (se aplic\u00e1vel).<\/p><\/li><\/ul><p class=\"\" data-start=\"2010\" data-end=\"2076\">Para efetuar esse pedido, contacte-nos atrav\u00e9s de support@<strong>ZeroIPTV.de<\/strong>.<\/p><hr class=\"\" data-start=\"2078\" data-end=\"2081\" \/><h3 class=\"\" data-start=\"2083\" data-end=\"2111\"><strong data-start=\"2087\" data-end=\"2111\">7. Liga\u00e7\u00f5es de terceiros<\/strong><\/h3><p class=\"\" data-start=\"2113\" data-end=\"2256\">O nosso s\u00edtio pode conter liga\u00e7\u00f5es para s\u00edtios Web ou aplica\u00e7\u00f5es de terceiros. N\u00e3o somos respons\u00e1veis pelo conte\u00fado ou pelas pr\u00e1ticas de privacidade desses s\u00edtios Web.<\/p><hr class=\"\" data-start=\"2258\" data-end=\"2261\" \/><h3 class=\"\" data-start=\"2263\" data-end=\"2292\"><strong data-start=\"2267\" data-end=\"2292\">8. Privacidade das crian\u00e7as<\/strong><\/h3><p class=\"\" data-start=\"2294\" data-end=\"2415\">Os nossos servi\u00e7os s\u00e3o\u00a0<strong data-start=\"2311\" data-end=\"2357\">n\u00e3o se destina a utilizadores com menos de 18 anos<\/strong>. N\u00e3o recolhemos intencionalmente dados pessoais de crian\u00e7as.<\/p><hr class=\"\" data-start=\"2417\" data-end=\"2420\" \/><h3 class=\"\" data-start=\"2422\" data-end=\"2455\"><strong data-start=\"2426\" data-end=\"2455\">9. Altera\u00e7\u00f5es \u00e0 presente pol\u00edtica<\/strong><\/h3><p class=\"\" data-start=\"2457\" data-end=\"2580\">Podemos atualizar esta Pol\u00edtica de Privacidade em qualquer altura. Quaisquer altera\u00e7\u00f5es ser\u00e3o publicadas nesta p\u00e1gina com a data da \u201c\u00daltima atualiza\u00e7\u00e3o\u201d.<\/p><hr class=\"\" data-start=\"2582\" data-end=\"2585\" \/><h3 class=\"\" data-start=\"2587\" data-end=\"2609\"><strong data-start=\"2591\" data-end=\"2609\">10. Contactar-nos<\/strong><\/h3><p class=\"\" data-start=\"2611\" data-end=\"2696\">Se tiver d\u00favidas ou preocupa\u00e7\u00f5es sobre esta Pol\u00edtica de Privacidade, n\u00e3o hesite em contactar-nos:<\/p><p class=\"\" data-start=\"2698\" data-end=\"2756\"><strong data-start=\"2701\" data-end=\"2711\">Correio eletr\u00f3nico:<\/strong> apoio@i<strong>ZeroIPTV.de<\/strong><br data-start=\"2724\" data-end=\"2727\" \/><strong data-start=\"2730\" data-end=\"2742\">S\u00edtio Web:<\/strong> <a href=\"https:\/\/zeroiptv.de\/pt\/\"><strong>ZeroIPTV.de<\/strong><\/a><\/p>\t\t\t\t\t\t\t\t<\/div>\n\t\t\t\t\t<\/div>\n\t\t\t\t<\/div>\n\t\t\t\t<\/div>","protected":false},"excerpt":{"rendered":"<p>Privacy Policy Welcome to ZeroIPTV , We value your privacy and are committed to protecting your personal information. This Privacy Policy explains how we collect, use, and protect your data when you visit our website and use our services. 1. Information We Collect We may collect the following information: Personal Information: Name, email address, payment [&hellip;]<\/p>\n","protected":false},"author":2,"featured_media":0,"parent":0,"menu_order":0,"comment_status":"closed","ping_status":"closed","template":"","meta":{"two_page_speed":[],"footnotes":""},"class_list":["post-738","page","type-page","status-publish","hentry"],"_links":{"self":[{"href":"https:\/\/zeroiptv.de\/pt\/wp-json\/wp\/v2\/pages\/738","targetHints":{"allow":["GET"]}}],"collection":[{"href":"https:\/\/zeroiptv.de\/pt\/wp-json\/wp\/v2\/pages"}],"about":[{"href":"https:\/\/zeroiptv.de\/pt\/wp-json\/wp\/v2\/types\/page"}],"author":[{"embeddable":true,"href":"https:\/\/zeroiptv.de\/pt\/wp-json\/wp\/v2\/users\/2"}],"replies":[{"embeddable":true,"href":"https:\/\/zeroiptv.de\/pt\/wp-json\/wp\/v2\/comments?post=738"}],"version-history":[{"count":3,"href":"https:\/\/zeroiptv.de\/pt\/wp-json\/wp\/v2\/pages\/738\/revisions"}],"predecessor-version":[{"id":2079,"href":"https:\/\/zeroiptv.de\/pt\/wp-json\/wp\/v2\/pages\/738\/revisions\/2079"}],"wp:attachment":[{"href":"https:\/\/zeroiptv.de\/pt\/wp-json\/wp\/v2\/media?parent=738"}],"curies":[{"name":"wp","href":"https:\/\/api.w.org\/{rel}","templated":true}]}}